{"id":2352,"date":"2024-02-14T09:22:15","date_gmt":"2024-02-14T12:22:15","guid":{"rendered":"https:\/\/ciberseguridad.uncoma.edu.ar\/?page_id=2352"},"modified":"2025-09-03T07:15:30","modified_gmt":"2025-09-03T10:15:30","slug":"reportar-un-incidente-informatico","status":"publish","type":"page","link":"https:\/\/ciberseguridad.uncoma.edu.ar\/index.php\/reportar-un-incidente-informatico\/","title":{"rendered":"Reportar un Incidente Inform\u00e1tico"},"content":{"rendered":"\t\t<div data-elementor-type=\"wp-page\" data-elementor-id=\"2352\" class=\"elementor elementor-2352\" data-elementor-post-type=\"page\">\n\t\t\t\t<div class=\"elementor-element elementor-element-6514dec e-flex e-con-boxed e-con e-parent\" data-id=\"6514dec\" data-element_type=\"container\" data-e-type=\"container\">\n\t\t\t\t\t<div class=\"e-con-inner\">\n\t\t\t\t<div class=\"elementor-element elementor-element-4eb8663 elementor-button-align-stretch elementor-widget elementor-widget-form\" data-id=\"4eb8663\" data-element_type=\"widget\" data-e-type=\"widget\" data-settings=\"{&quot;step_next_label&quot;:&quot;Next&quot;,&quot;step_previous_label&quot;:&quot;Previous&quot;,&quot;button_width&quot;:&quot;20&quot;,&quot;step_type&quot;:&quot;number_text&quot;,&quot;step_icon_shape&quot;:&quot;circle&quot;}\" data-widget_type=\"form.default\">\n\t\t\t\t<div class=\"elementor-widget-container\">\n\t\t\t\t\t\t\t<form class=\"elementor-form\" method=\"post\" name=\"New Form\" aria-label=\"New Form\">\r\n\t\t\t<input type=\"hidden\" name=\"post_id\" value=\"2352\"\/>\r\n\t\t\t<input type=\"hidden\" name=\"form_id\" value=\"4eb8663\"\/>\r\n\t\t\t<input type=\"hidden\" name=\"referer_title\" value=\"Reportar un Incidente Inform\u00e1tico\" \/>\r\n\r\n\t\t\t\t\t\t\t<input type=\"hidden\" name=\"queried_id\" value=\"2352\"\/>\r\n\t\t\t\r\n\t\t\t<div class=\"elementor-form-fields-wrapper elementor-labels-above\">\r\n\t\t\t\t\t\t\t\t<div class=\"elementor-field-type-text elementor-field-group elementor-column elementor-field-group-name elementor-col-40 elementor-field-required\">\r\n\t\t\t\t\t\t\t\t\t\t\t\t<label for=\"form-field-name\" class=\"elementor-field-label\">\r\n\t\t\t\t\t\t\t\tNombre y Apellido *\t\t\t\t\t\t\t<\/label>\r\n\t\t\t\t\t\t\t\t\t\t\t\t\t\t<input size=\"1\" type=\"text\" name=\"form_fields[name]\" id=\"form-field-name\" class=\"elementor-field elementor-size-sm  elementor-field-textual\" required=\"required\">\r\n\t\t\t\t\t\t\t\t\t\t\t<\/div>\r\n\t\t\t\t\t\t\t\t<div class=\"elementor-field-type-email elementor-field-group elementor-column elementor-field-group-email elementor-col-50 elementor-field-required\">\r\n\t\t\t\t\t\t\t\t\t\t\t\t<label for=\"form-field-email\" class=\"elementor-field-label\">\r\n\t\t\t\t\t\t\t\tCorreo Electr\u00f3nico *\t\t\t\t\t\t\t<\/label>\r\n\t\t\t\t\t\t\t\t\t\t\t\t\t\t<input size=\"1\" type=\"email\" name=\"form_fields[email]\" id=\"form-field-email\" class=\"elementor-field elementor-size-sm  elementor-field-textual\" required=\"required\">\r\n\t\t\t\t\t\t\t\t\t\t\t<\/div>\r\n\t\t\t\t\t\t\t\t<div class=\"elementor-field-type-text elementor-field-group elementor-column elementor-field-group-message elementor-col-30\">\r\n\t\t\t\t\t\t\t\t\t\t\t\t<label for=\"form-field-message\" class=\"elementor-field-label\">\r\n\t\t\t\t\t\t\t\tTel\u00e9fono \/ Celular de contacto\t\t\t\t\t\t\t<\/label>\r\n\t\t\t\t\t\t\t\t\t\t\t\t\t\t<input size=\"1\" type=\"text\" name=\"form_fields[message]\" id=\"form-field-message\" class=\"elementor-field elementor-size-sm  elementor-field-textual\">\r\n\t\t\t\t\t\t\t\t\t\t\t<\/div>\r\n\t\t\t\t\t\t\t\t<div class=\"elementor-field-type-select elementor-field-group elementor-column elementor-field-group-field_cce4a9d elementor-col-66 elementor-field-required\">\r\n\t\t\t\t\t\t\t\t\t\t\t\t<label for=\"form-field-field_cce4a9d\" class=\"elementor-field-label\">\r\n\t\t\t\t\t\t\t\tDependencia *\t\t\t\t\t\t\t<\/label>\r\n\t\t\t\t\t\t\t\t<div class=\"elementor-field elementor-select-wrapper remove-before \">\r\n\t\t\t<div class=\"select-caret-down-wrapper\">\r\n\t\t\t\t<i aria-hidden=\"true\" class=\"eicon-caret-down\"><\/i>\t\t\t<\/div>\r\n\t\t\t<select name=\"form_fields[field_cce4a9d]\" id=\"form-field-field_cce4a9d\" class=\"elementor-field-textual elementor-size-sm\" required=\"required\">\r\n\t\t\t\t\t\t\t\t\t<option value=\"Administraci\u00f3n Central\">Administraci\u00f3n Central<\/option>\r\n\t\t\t\t\t\t\t\t\t<option value=\"Asentamiento San Mart\u00edn de los Andes\">Asentamiento San Mart\u00edn de los Andes<\/option>\r\n\t\t\t\t\t\t\t\t\t<option value=\"Asentamiento Universitario Zapala\">Asentamiento Universitario Zapala<\/option>\r\n\t\t\t\t\t\t\t\t\t<option value=\"Biblioteca Central\">Biblioteca Central<\/option>\r\n\t\t\t\t\t\t\t\t\t<option value=\"Centro Regional Universitario Bariloche\">Centro Regional Universitario Bariloche<\/option>\r\n\t\t\t\t\t\t\t\t\t<option value=\"Centro Regional Universitario Zona Atl\u00e1ntica\">Centro Regional Universitario Zona Atl\u00e1ntica<\/option>\r\n\t\t\t\t\t\t\t\t\t<option value=\"Escuela Superior de Ciencias Marinas\">Escuela Superior de Ciencias Marinas<\/option>\r\n\t\t\t\t\t\t\t\t\t<option value=\"Facultad de Ciencias Agrarias\">Facultad de Ciencias Agrarias<\/option>\r\n\t\t\t\t\t\t\t\t\t<option value=\"Facultad de Ciencias de la Educaci\u00f3n\">Facultad de Ciencias de la Educaci\u00f3n<\/option>\r\n\t\t\t\t\t\t\t\t\t<option value=\"Facultad de Ciencias del Ambiente y de la Salud\">Facultad de Ciencias del Ambiente y de la Salud<\/option>\r\n\t\t\t\t\t\t\t\t\t<option value=\"Facultad de Ciencias M\u00e9dicas\">Facultad de Ciencias M\u00e9dicas<\/option>\r\n\t\t\t\t\t\t\t\t\t<option value=\"Facultad de Ciencias y Tecnolog\u00edas de los Alimentos\">Facultad de Ciencias y Tecnolog\u00edas de los Alimentos<\/option>\r\n\t\t\t\t\t\t\t\t\t<option value=\"Facultad de Derecho y Ciencias Sociales\">Facultad de Derecho y Ciencias Sociales<\/option>\r\n\t\t\t\t\t\t\t\t\t<option value=\"Facultad de Econom\u00eda y Administraci\u00f3n\">Facultad de Econom\u00eda y Administraci\u00f3n<\/option>\r\n\t\t\t\t\t\t\t\t\t<option value=\"Facultad de Lenguas\">Facultad de Lenguas<\/option>\r\n\t\t\t\t\t\t\t\t\t<option value=\"Facultad de Humanidades\">Facultad de Humanidades<\/option>\r\n\t\t\t\t\t\t\t\t\t<option value=\"Facultad de Inform\u00e1tica\">Facultad de Inform\u00e1tica<\/option>\r\n\t\t\t\t\t\t\t\t\t<option value=\"Facultad de Ingenier\u00eda\">Facultad de Ingenier\u00eda<\/option>\r\n\t\t\t\t\t\t\t\t\t<option value=\"Facultad de Turismo\">Facultad de Turismo<\/option>\r\n\t\t\t\t\t\t\t\t\t<option value=\"\"><\/option>\r\n\t\t\t\t\t\t\t\t\t<option value=\"\"><\/option>\r\n\t\t\t\t\t\t\t\t\t<option value=\"\"><\/option>\r\n\t\t\t\t\t\t\t<\/select>\r\n\t\t<\/div>\r\n\t\t\t\t\t\t<\/div>\r\n\t\t\t\t\t\t\t\t<div class=\"elementor-field-type-select elementor-field-group elementor-column elementor-field-group-field_27fb95b elementor-col-70\">\r\n\t\t\t\t\t\t\t\t\t\t\t\t<label for=\"form-field-field_27fb95b\" class=\"elementor-field-label\">\r\n\t\t\t\t\t\t\t\tTipo de Incidente\t\t\t\t\t\t\t<\/label>\r\n\t\t\t\t\t\t\t\t<div class=\"elementor-field elementor-select-wrapper remove-before \">\r\n\t\t\t<div class=\"select-caret-down-wrapper\">\r\n\t\t\t\t<i aria-hidden=\"true\" class=\"eicon-caret-down\"><\/i>\t\t\t<\/div>\r\n\t\t\t<select name=\"form_fields[field_27fb95b]\" id=\"form-field-field_27fb95b\" class=\"elementor-field-textual elementor-size-sm\">\r\n\t\t\t\t\t\t\t\t\t<option value=\"Alteraci\u00f3n no autorizada de Sitios Web.\">Alteraci\u00f3n no autorizada de Sitios Web.<\/option>\r\n\t\t\t\t\t\t\t\t\t<option value=\"Denegaci\u00f3n de Servicios.\">Denegaci\u00f3n de Servicios.<\/option>\r\n\t\t\t\t\t\t\t\t\t<option value=\"Divulgaci\u00f3n de Informaci\u00f3n: Difusi\u00f3n no autorizada.\">Divulgaci\u00f3n de Informaci\u00f3n: Difusi\u00f3n no autorizada.<\/option>\r\n\t\t\t\t\t\t\t\t\t<option value=\"Phishing: Intento de fraude via correo o algun otro medio de comunicaci\u00f3n.\">Phishing: Intento de fraude via correo o algun otro medio de comunicaci\u00f3n.<\/option>\r\n\t\t\t\t\t\t\t\t\t<option value=\"Virus: Virus o malware detectado.\">Virus: Virus o malware detectado.<\/option>\r\n\t\t\t\t\t\t\t\t\t<option value=\"SPAM: Recepci\u00f3n de  correo masivos no solicitados.\">SPAM: Recepci\u00f3n de  correo masivos no solicitados.<\/option>\r\n\t\t\t\t\t\t\t\t\t<option value=\"Ransomware: Cifrado de informaci\u00f3n con eventual pedido de rescate a cambio para restablecerla.\">Ransomware: Cifrado de informaci\u00f3n con eventual pedido de rescate a cambio para restablecerla.<\/option>\r\n\t\t\t\t\t\t\t\t\t<option value=\"Suplantaci\u00f3n de Identidad: \">Suplantaci\u00f3n de Identidad: <\/option>\r\n\t\t\t\t\t\t\t\t\t<option value=\"Recepci\u00f3n de correos a nombre de un remitente que no coincide con la direcci\u00f3n de correo.\">Recepci\u00f3n de correos a nombre de un remitente que no coincide con la direcci\u00f3n de correo.<\/option>\r\n\t\t\t\t\t\t\t\t\t<option value=\"Otros: Otro tipo de incidente.\">Otros: Otro tipo de incidente.<\/option>\r\n\t\t\t\t\t\t\t\t\t<option value=\"\"><\/option>\r\n\t\t\t\t\t\t\t\t\t<option value=\"\"><\/option>\r\n\t\t\t\t\t\t\t\t\t<option value=\"\"><\/option>\r\n\t\t\t\t\t\t\t\t\t<option value=\"\"><\/option>\r\n\t\t\t\t\t\t\t<\/select>\r\n\t\t<\/div>\r\n\t\t\t\t\t\t<\/div>\r\n\t\t\t\t\t\t\t\t<div class=\"elementor-field-type-text elementor-field-group elementor-column elementor-field-group-field_40ffaff elementor-col-100 elementor-field-required\">\r\n\t\t\t\t\t\t\t\t\t\t\t\t<label for=\"form-field-field_40ffaff\" class=\"elementor-field-label\">\r\n\t\t\t\t\t\t\t\tDescripci\u00f3n\t\t\t\t\t\t\t<\/label>\r\n\t\t\t\t\t\t\t\t\t\t\t\t\t\t<input size=\"1\" type=\"text\" name=\"form_fields[field_40ffaff]\" id=\"form-field-field_40ffaff\" class=\"elementor-field elementor-size-sm  elementor-field-textual\" required=\"required\">\r\n\t\t\t\t\t\t\t\t\t\t\t<\/div>\r\n\t\t\t\t\t\t\t\t<div class=\"elementor-field-type-upload elementor-field-group elementor-column elementor-field-group-field_73396a4 elementor-col-100\">\r\n\t\t\t\t\t\t\t\t\t\t\t\t<label for=\"form-field-field_73396a4\" class=\"elementor-field-label\">\r\n\t\t\t\t\t\t\t\tAdjuntar Archivos\t\t\t\t\t\t\t<\/label>\r\n\t\t\t\t\t\t\t\t<input type=\"file\" name=\"form_fields[field_73396a4]\" id=\"form-field-field_73396a4\" class=\"elementor-field elementor-size-sm  elementor-upload-field\" data-maxsize=\"10\" data-maxsize-message=\"This file exceeds the maximum allowed size.\">\r\n\r\n\t\t\t\t\t\t<\/div>\r\n\t\t\t\t\t\t\t\t<div class=\"elementor-field-group elementor-column elementor-field-type-submit elementor-col-20 e-form__buttons\">\r\n\t\t\t\t\t<button class=\"elementor-button elementor-size-sm\" type=\"submit\">\r\n\t\t\t\t\t\t<span class=\"elementor-button-content-wrapper\">\r\n\t\t\t\t\t\t\t\t\t\t\t\t\t\t\t\t\t\t\t\t\t\t<span class=\"elementor-button-text\">Enviar<\/span>\r\n\t\t\t\t\t\t\t\t\t\t\t\t\t<\/span>\r\n\t\t\t\t\t<\/button>\r\n\t\t\t\t<\/div>\r\n\t\t\t<\/div>\r\n\t\t<\/form>\r\n\t\t\t\t\t\t<\/div>\n\t\t\t\t<\/div>\n\t\t\t\t\t<\/div>\n\t\t\t\t<\/div>\n\t\t\t\t<\/div>\n\t\t","protected":false},"excerpt":{"rendered":"","protected":false},"author":4,"featured_media":0,"parent":0,"menu_order":0,"comment_status":"closed","ping_status":"closed","template":"","meta":{"footnotes":""},"class_list":["post-2352","page","type-page","status-publish","hentry"],"_links":{"self":[{"href":"https:\/\/ciberseguridad.uncoma.edu.ar\/index.php\/wp-json\/wp\/v2\/pages\/2352","targetHints":{"allow":["GET"]}}],"collection":[{"href":"https:\/\/ciberseguridad.uncoma.edu.ar\/index.php\/wp-json\/wp\/v2\/pages"}],"about":[{"href":"https:\/\/ciberseguridad.uncoma.edu.ar\/index.php\/wp-json\/wp\/v2\/types\/page"}],"author":[{"embeddable":true,"href":"https:\/\/ciberseguridad.uncoma.edu.ar\/index.php\/wp-json\/wp\/v2\/users\/4"}],"replies":[{"embeddable":true,"href":"https:\/\/ciberseguridad.uncoma.edu.ar\/index.php\/wp-json\/wp\/v2\/comments?post=2352"}],"version-history":[{"count":41,"href":"https:\/\/ciberseguridad.uncoma.edu.ar\/index.php\/wp-json\/wp\/v2\/pages\/2352\/revisions"}],"predecessor-version":[{"id":2997,"href":"https:\/\/ciberseguridad.uncoma.edu.ar\/index.php\/wp-json\/wp\/v2\/pages\/2352\/revisions\/2997"}],"wp:attachment":[{"href":"https:\/\/ciberseguridad.uncoma.edu.ar\/index.php\/wp-json\/wp\/v2\/media?parent=2352"}],"curies":[{"name":"wp","href":"https:\/\/api.w.org\/{rel}","templated":true}]}}