{"id":445,"date":"2022-10-10T16:15:17","date_gmt":"2022-10-10T19:15:17","guid":{"rendered":"http:\/\/170.210.81.106\/ciberseguridad\/?page_id=445"},"modified":"2023-11-09T11:04:56","modified_gmt":"2023-11-09T14:04:56","slug":"colaboraciones","status":"publish","type":"page","link":"https:\/\/ciberseguridad.uncoma.edu.ar\/index.php\/colaboraciones\/","title":{"rendered":"Colaboraciones"},"content":{"rendered":"\t\t<div data-elementor-type=\"wp-page\" data-elementor-id=\"445\" class=\"elementor elementor-445\" data-elementor-post-type=\"page\">\n\t\t\t\t\t\t<section class=\"elementor-section elementor-top-section elementor-element elementor-element-ee650de elementor-section-boxed elementor-section-height-default elementor-section-height-default\" data-id=\"ee650de\" data-element_type=\"section\" data-e-type=\"section\">\n\t\t\t\t\t\t<div class=\"elementor-container elementor-column-gap-default\">\n\t\t\t\t\t<div class=\"elementor-column elementor-col-100 elementor-top-column elementor-element elementor-element-d4d4441\" data-id=\"d4d4441\" data-element_type=\"column\" data-e-type=\"column\">\n\t\t\t<div class=\"elementor-widget-wrap elementor-element-populated\">\n\t\t\t\t\t\t<div class=\"elementor-element elementor-element-76376a2 elementor-invisible elementor-widget elementor-widget-heading\" data-id=\"76376a2\" data-element_type=\"widget\" data-e-type=\"widget\" data-settings=\"{&quot;_animation&quot;:&quot;fadeInDown&quot;}\" data-widget_type=\"heading.default\">\n\t\t\t\t<div class=\"elementor-widget-container\">\n\t\t\t\t\t<h1 class=\"elementor-heading-title elementor-size-default\">Colaboraciones<\/h1>\t\t\t\t<\/div>\n\t\t\t\t<\/div>\n\t\t\t\t<div class=\"elementor-element elementor-element-0aea6e3 elementor-widget elementor-widget-toggle\" data-id=\"0aea6e3\" data-element_type=\"widget\" data-e-type=\"widget\" data-widget_type=\"toggle.default\">\n\t\t\t\t<div class=\"elementor-widget-container\">\n\t\t\t\t\t\t\t<div class=\"elementor-toggle\">\n\t\t\t\t\t\t\t<div class=\"elementor-toggle-item\">\n\t\t\t\t\t<div id=\"elementor-tab-title-1141\" class=\"elementor-tab-title\" data-tab=\"1\" role=\"button\" aria-controls=\"elementor-tab-content-1141\" aria-expanded=\"false\">\n\t\t\t\t\t\t\t\t\t\t\t\t<span class=\"elementor-toggle-icon elementor-toggle-icon-right\" aria-hidden=\"true\">\n\t\t\t\t\t\t\t\t\t\t\t\t\t\t\t<span class=\"elementor-toggle-icon-closed\"><i class=\"fas fa-caret-right\"><\/i><\/span>\n\t\t\t\t\t\t\t\t<span class=\"elementor-toggle-icon-opened\"><i class=\"elementor-toggle-icon-opened fas fa-caret-up\"><\/i><\/span>\n\t\t\t\t\t\t\t\t\t\t\t\t\t<\/span>\n\t\t\t\t\t\t\t\t\t\t\t\t<a class=\"elementor-toggle-title\" tabindex=\"0\">CIN - Subcomisi\u00f3n de Ciberseguridad<\/a>\n\t\t\t\t\t<\/div>\n\n\t\t\t\t\t<div id=\"elementor-tab-content-1141\" class=\"elementor-tab-content elementor-clearfix\" data-tab=\"1\" role=\"region\" aria-labelledby=\"elementor-tab-title-1141\"><p><img decoding=\"async\" class=\"alignnone size-medium wp-image-2075\" src=\"https:\/\/ciberseguridad.uncoma.edu.ar\/wp-content\/uploads\/2023\/11\/logo-CIN-300x88.jpg\" alt=\"\" width=\"300\" height=\"88\" srcset=\"https:\/\/ciberseguridad.uncoma.edu.ar\/wp-content\/uploads\/2023\/11\/logo-CIN-300x88.jpg 300w, https:\/\/ciberseguridad.uncoma.edu.ar\/wp-content\/uploads\/2023\/11\/logo-CIN.jpg 475w\" sizes=\"(max-width: 300px) 100vw, 300px\" \/><\/p><p><span style=\"font-family: Carlito, sans-serif;\"><span style=\"font-size: medium;\">La Universidad Nacional del Comahue en conjunto con otras universidades nacionales p\u00fablicas y privadas colabora en la Subcomisi\u00f3n de Ciberseguridad del Consejo Interuniversitario Nacional. Esta subcomisi\u00f3n fue creada en agosto de 2021 con el prop\u00f3sito de abordar los desaf\u00edos en materia de ciberseguridad que afectan a la comunidad educativa.<\/span><\/span><\/p><p><span style=\"font-family: Carlito, sans-serif;\"><span style=\"font-size: medium;\">Las universidades miembros de \u00e9sta subcomisi\u00f3n, trabajan de manera permanente y colaborativa para generar materiales que contribuyan a concienciar, educar y promover buenas pr\u00e1cticas en ciberseguridad. Estos materiales abarcan una amplia gama de temas, desde politicas, manuales, materiales de difusi\u00f3n, pautas de seguridad en l\u00ednea hasta la identificaci\u00f3n y prevenci\u00f3n de ciberamenazas. <\/span><\/span><\/p><p><span style=\"font-family: Carlito, sans-serif;\"><span style=\"font-size: medium;\"><a href=\"https:\/\/www.cin.edu.ar\/\">https:\/\/www.cin.edu.ar\/<\/a><\/span><\/span><\/p><p><a style=\"background-color: #ffffff; font-family: Carlito, sans-serif; font-size: medium;\" href=\"https:\/\/campusvirtual.cin.edu.ar\/repositorio-colaborativo\/ciberseguridad\">https:\/\/campusvirtual.cin.edu.ar\/repositorio-colaborativo\/ciberseguridad<\/a><span style=\"font-family: Carlito, sans-serif;\"><br \/><\/span><\/p><p>\u00a0<\/p><\/div>\n\t\t\t\t<\/div>\n\t\t\t\t\t\t\t<div class=\"elementor-toggle-item\">\n\t\t\t\t\t<div id=\"elementor-tab-title-1142\" class=\"elementor-tab-title\" data-tab=\"2\" role=\"button\" aria-controls=\"elementor-tab-content-1142\" aria-expanded=\"false\">\n\t\t\t\t\t\t\t\t\t\t\t\t<span class=\"elementor-toggle-icon elementor-toggle-icon-right\" aria-hidden=\"true\">\n\t\t\t\t\t\t\t\t\t\t\t\t\t\t\t<span class=\"elementor-toggle-icon-closed\"><i class=\"fas fa-caret-right\"><\/i><\/span>\n\t\t\t\t\t\t\t\t<span class=\"elementor-toggle-icon-opened\"><i class=\"elementor-toggle-icon-opened fas fa-caret-up\"><\/i><\/span>\n\t\t\t\t\t\t\t\t\t\t\t\t\t<\/span>\n\t\t\t\t\t\t\t\t\t\t\t\t<a class=\"elementor-toggle-title\" tabindex=\"0\">ARIU<\/a>\n\t\t\t\t\t<\/div>\n\n\t\t\t\t\t<div id=\"elementor-tab-content-1142\" class=\"elementor-tab-content elementor-clearfix\" data-tab=\"2\" role=\"region\" aria-labelledby=\"elementor-tab-title-1142\"><p><img decoding=\"async\" class=\"alignnone size-medium wp-image-2076\" src=\"https:\/\/ciberseguridad.uncoma.edu.ar\/wp-content\/uploads\/2023\/11\/Logo_nuevo_-Ariu_modificado1-1920x773-1-300x121.png\" alt=\"\" width=\"300\" height=\"121\" srcset=\"https:\/\/ciberseguridad.uncoma.edu.ar\/wp-content\/uploads\/2023\/11\/Logo_nuevo_-Ariu_modificado1-1920x773-1-300x121.png 300w, https:\/\/ciberseguridad.uncoma.edu.ar\/wp-content\/uploads\/2023\/11\/Logo_nuevo_-Ariu_modificado1-1920x773-1-1024x412.png 1024w, https:\/\/ciberseguridad.uncoma.edu.ar\/wp-content\/uploads\/2023\/11\/Logo_nuevo_-Ariu_modificado1-1920x773-1-768x309.png 768w, https:\/\/ciberseguridad.uncoma.edu.ar\/wp-content\/uploads\/2023\/11\/Logo_nuevo_-Ariu_modificado1-1920x773-1-1536x618.png 1536w, https:\/\/ciberseguridad.uncoma.edu.ar\/wp-content\/uploads\/2023\/11\/Logo_nuevo_-Ariu_modificado1-1920x773-1.png 1920w\" sizes=\"(max-width: 300px) 100vw, 300px\" \/><\/p><p><span style=\"font-family: Carlito, sans-serif;\"><span style=\"font-size: medium;\">La ARIU\u00a0<\/span><\/span><strong><span style=\"font-family: Carlito, sans-serif;\"><span style=\"font-size: medium;\">(Asociaci\u00f3n Redes de Interconexi\u00f3n Universitaria)<\/span><\/span><\/strong><span style=\"font-family: Carlito, sans-serif;\"><span style=\"font-size: medium;\">\u00a0es un emprendimiento conjunto de las Universidades Nacionales e Institutos Universitarios integrantes del CIN (Consejo Interuniversitario Nacional) con el prop\u00f3sito de llevar adelante la gesti\u00f3n de redes para facilitar la comunicaci\u00f3n inform\u00e1tica a nivel nacional e internacional, de las universidades nacionales, promoviendo la investigaci\u00f3n inform\u00e1tica, tecnol\u00f3gica, educativa y el desarrollo cultural en el \u00e1rea de las <\/span><\/span><strong><span style=\"font-family: Carlito, sans-serif;\"><span style=\"font-size: medium;\">T<\/span><\/span><\/strong><span style=\"font-family: Carlito, sans-serif;\"><span style=\"font-size: medium;\">ecnolog\u00edas de <\/span><\/span><strong><span style=\"font-family: Carlito, sans-serif;\"><span style=\"font-size: medium;\">I<\/span><\/span><\/strong><span style=\"font-family: Carlito, sans-serif;\"><span style=\"font-size: medium;\">nformaci\u00f3n y <\/span><\/span><strong><span style=\"font-family: Carlito, sans-serif;\"><span style=\"font-size: medium;\">C<\/span><\/span><\/strong><span style=\"font-family: Carlito, sans-serif;\"><span style=\"font-size: medium;\">omunicaciones.<\/span><\/span><\/p><p><span style=\"font-family: Carlito, sans-serif;\"><span style=\"font-size: medium;\">La Universidad Nacional del Comahue, en conjunto con todas las universidades que integran el Consejo Interuniversitario Nacional (CIN) y en colaboraci\u00f3n con la Asociaci\u00f3n Redes de Interconexi\u00f3n Universitaria (ARIU), comparten informaci\u00f3n en tiempo real sobre incidentes de seguridad a trav\u00e9s de portales y el CIRTS de Ariu<\/span><\/span><\/p><p><a href=\"https:\/\/riu.edu.ar\/\"><span style=\"font-family: Carlito, sans-serif;\"><span style=\"font-size: medium;\">https:\/\/riu.edu.ar\/<\/span><\/span><\/a><\/p><\/div>\n\t\t\t\t<\/div>\n\t\t\t\t\t\t\t<div class=\"elementor-toggle-item\">\n\t\t\t\t\t<div id=\"elementor-tab-title-1143\" class=\"elementor-tab-title\" data-tab=\"3\" role=\"button\" aria-controls=\"elementor-tab-content-1143\" aria-expanded=\"false\">\n\t\t\t\t\t\t\t\t\t\t\t\t<span class=\"elementor-toggle-icon elementor-toggle-icon-right\" aria-hidden=\"true\">\n\t\t\t\t\t\t\t\t\t\t\t\t\t\t\t<span class=\"elementor-toggle-icon-closed\"><i class=\"fas fa-caret-right\"><\/i><\/span>\n\t\t\t\t\t\t\t\t<span class=\"elementor-toggle-icon-opened\"><i class=\"elementor-toggle-icon-opened fas fa-caret-up\"><\/i><\/span>\n\t\t\t\t\t\t\t\t\t\t\t\t\t<\/span>\n\t\t\t\t\t\t\t\t\t\t\t\t<a class=\"elementor-toggle-title\" tabindex=\"0\">MetaRed<\/a>\n\t\t\t\t\t<\/div>\n\n\t\t\t\t\t<div id=\"elementor-tab-content-1143\" class=\"elementor-tab-content elementor-clearfix\" data-tab=\"3\" role=\"region\" aria-labelledby=\"elementor-tab-title-1143\"><p><img decoding=\"async\" class=\"alignnone size-medium wp-image-2078\" src=\"https:\/\/ciberseguridad.uncoma.edu.ar\/wp-content\/uploads\/2023\/11\/Metared-TIC-Argentina-300x75.png\" alt=\"\" width=\"300\" height=\"75\" \/><\/p><p><span style=\"font-family: Carlito, sans-serif;\"><span style=\"font-size: medium;\">MetaRed Argentina es una organizaci\u00f3n de IES p\u00fablicas y privadas argentinas, con el fin de servir de lugar de encuentro, de debate, de reflexi\u00f3n y de trabajo colaborativo sobre la utilizaci\u00f3n de las TICs (Tecnolog\u00edas de la Informaci\u00f3n y las Comunicaciones) en las instituciones de educaci\u00f3n superior argentinas, con total respeto al principio de autonom\u00eda universitaria, y por ello, respetando la libertad individual de cada IES para tomar sus propias decisiones, m\u00e1s all\u00e1 de las recomendaciones o buenas pr\u00e1cticas que emanen de MetaRed.<\/span><\/span><\/p><p><span style=\"font-family: Carlito, sans-serif;\"><span style=\"font-size: medium;\">MetaRed nace a propuesta de algunas IES argentinas y con el apoyo de Universia, en base a experiencias similares de otros pa\u00edses como Espa\u00f1a (Crue-Tic), M\u00e9xico (AnuiesTic) entre otros, y se fundamenta en la preocupaci\u00f3n y sensibilizaci\u00f3n de las IES sobre el papel que las tecnolog\u00edas desempe\u00f1an en sus instituciones, facilitando MetaRed una colaboraci\u00f3n m\u00e1s estrecha entre las IES.<\/span><\/span><\/p><p><a href=\"https:\/\/www.metared.org\/\"><span style=\"font-family: Carlito, sans-serif;\"><span style=\"font-size: medium;\">https:\/\/www.metared.org\/<\/span><\/span><\/a><\/p><\/div>\n\t\t\t\t<\/div>\n\t\t\t\t\t\t\t\t<\/div>\n\t\t\t\t\t\t<\/div>\n\t\t\t\t<\/div>\n\t\t\t\t<div class=\"elementor-element elementor-element-6bb0350 elementor-invisible elementor-widget elementor-widget-heading\" data-id=\"6bb0350\" data-element_type=\"widget\" data-e-type=\"widget\" data-settings=\"{&quot;_animation&quot;:&quot;fadeInDown&quot;}\" data-widget_type=\"heading.default\">\n\t\t\t\t<div class=\"elementor-widget-container\">\n\t\t\t\t\t<h1 class=\"elementor-heading-title elementor-size-default\">Ubicaci\u00f3n<\/h1>\t\t\t\t<\/div>\n\t\t\t\t<\/div>\n\t\t\t\t<div class=\"elementor-element elementor-element-7f310a4 elementor-widget elementor-widget-google_maps\" data-id=\"7f310a4\" data-element_type=\"widget\" data-e-type=\"widget\" data-widget_type=\"google_maps.default\">\n\t\t\t\t<div class=\"elementor-widget-container\">\n\t\t\t\t\t\t\t<div class=\"elementor-custom-embed\">\n\t\t\t<iframe loading=\"lazy\"\n\t\t\t\t\tsrc=\"https:\/\/maps.google.com\/maps?q=Buenos%20Aires%201400%2C%20Neuquen&#038;t=m&#038;z=17&#038;output=embed&#038;iwloc=near\"\n\t\t\t\t\ttitle=\"Buenos Aires 1400, Neuquen\"\n\t\t\t\t\taria-label=\"Buenos Aires 1400, Neuquen\"\n\t\t\t><\/iframe>\n\t\t<\/div>\n\t\t\t\t\t\t<\/div>\n\t\t\t\t<\/div>\n\t\t\t\t\t<\/div>\n\t\t<\/div>\n\t\t\t\t\t<\/div>\n\t\t<\/section>\n\t\t\t\t<section class=\"elementor-section elementor-top-section elementor-element elementor-element-4a899a9 elementor-section-boxed elementor-section-height-default elementor-section-height-default\" data-id=\"4a899a9\" data-element_type=\"section\" data-e-type=\"section\">\n\t\t\t\t\t\t<div class=\"elementor-container elementor-column-gap-default\">\n\t\t\t\t\t<div class=\"elementor-column elementor-col-100 elementor-top-column elementor-element elementor-element-c90c1af\" data-id=\"c90c1af\" data-element_type=\"column\" data-e-type=\"column\">\n\t\t\t<div class=\"elementor-widget-wrap elementor-element-populated\">\n\t\t\t\t\t\t<div class=\"elementor-element elementor-element-df81262 elementor-widget-divider--view-line elementor-widget elementor-widget-divider\" data-id=\"df81262\" data-element_type=\"widget\" data-e-type=\"widget\" data-widget_type=\"divider.default\">\n\t\t\t\t<div class=\"elementor-widget-container\">\n\t\t\t\t\t\t\t<div class=\"elementor-divider\">\n\t\t\t<span class=\"elementor-divider-separator\">\n\t\t\t\t\t\t<\/span>\n\t\t<\/div>\n\t\t\t\t\t\t<\/div>\n\t\t\t\t<\/div>\n\t\t\t\t\t<\/div>\n\t\t<\/div>\n\t\t\t\t\t<\/div>\n\t\t<\/section>\n\t\t\t\t<\/div>\n\t\t","protected":false},"excerpt":{"rendered":"<p>Colaboraciones CIN &#8211; Subcomisi\u00f3n de Ciberseguridad La Universidad Nacional del Comahue en conjunto con otras universidades nacionales p\u00fablicas y privadas colabora en la Subcomisi\u00f3n de Ciberseguridad del Consejo Interuniversitario Nacional. Esta subcomisi\u00f3n fue creada en agosto de 2021 con el prop\u00f3sito de abordar los desaf\u00edos en materia de ciberseguridad que afectan a la comunidad educativa. [&hellip;]<\/p>\n","protected":false},"author":2,"featured_media":0,"parent":0,"menu_order":0,"comment_status":"closed","ping_status":"closed","template":"","meta":{"footnotes":""},"class_list":["post-445","page","type-page","status-publish","hentry"],"_links":{"self":[{"href":"https:\/\/ciberseguridad.uncoma.edu.ar\/index.php\/wp-json\/wp\/v2\/pages\/445","targetHints":{"allow":["GET"]}}],"collection":[{"href":"https:\/\/ciberseguridad.uncoma.edu.ar\/index.php\/wp-json\/wp\/v2\/pages"}],"about":[{"href":"https:\/\/ciberseguridad.uncoma.edu.ar\/index.php\/wp-json\/wp\/v2\/types\/page"}],"author":[{"embeddable":true,"href":"https:\/\/ciberseguridad.uncoma.edu.ar\/index.php\/wp-json\/wp\/v2\/users\/2"}],"replies":[{"embeddable":true,"href":"https:\/\/ciberseguridad.uncoma.edu.ar\/index.php\/wp-json\/wp\/v2\/comments?post=445"}],"version-history":[{"count":138,"href":"https:\/\/ciberseguridad.uncoma.edu.ar\/index.php\/wp-json\/wp\/v2\/pages\/445\/revisions"}],"predecessor-version":[{"id":2110,"href":"https:\/\/ciberseguridad.uncoma.edu.ar\/index.php\/wp-json\/wp\/v2\/pages\/445\/revisions\/2110"}],"wp:attachment":[{"href":"https:\/\/ciberseguridad.uncoma.edu.ar\/index.php\/wp-json\/wp\/v2\/media?parent=445"}],"curies":[{"name":"wp","href":"https:\/\/api.w.org\/{rel}","templated":true}]}}